{"id":2286,"date":"2025-10-17T07:03:54","date_gmt":"2025-10-17T07:03:54","guid":{"rendered":"https:\/\/indie-educator.com\/?page_id=2286"},"modified":"2025-10-17T07:06:50","modified_gmt":"2025-10-17T07:06:50","slug":"parents-denfants-a-besoins-particuliers","status":"publish","type":"page","link":"https:\/\/indie-educator.com\/index.php\/parents-denfants-a-besoins-particuliers\/","title":{"rendered":"Parents d\u2019enfants \u00e0 besoins particuliers"},"content":{"rendered":"<div class=\"wpb-content-wrapper\"><p>[vc_row equal_height=\u00a0\u00bbyes\u00a0\u00bb content_placement=\u00a0\u00bbmiddle\u00a0\u00bb type=\u00a0\u00bbvc_default\u00a0\u00bb margin_top=\u00a0\u00bb10&Prime; margin_bottom=\u00a0\u00bb25&Prime; css=\u00a0\u00bb.vc_custom_1579698905536{padding-top: 80px !important;padding-bottom: 30px !important;}\u00a0\u00bb][vc_column width=\u00a0\u00bb1\/2&Prime; css=\u00a0\u00bb.vc_custom_1518634327050{padding-bottom: 50px !important;}\u00a0\u00bb offset=\u00a0\u00bbvc_col-lg-offset-0 vc_col-md-offset-0 vc_col-sm-offset-0 vc_col-xs-offset-2 vc_col-xs-8&Prime;]<style type=\"text\/css\" data-type=\"the7_shortcodes-inline-css\">.shortcode-single-image-wrap.shortcode-single-image-4deca65b58e41f49116f3a30b7455252.enable-bg-rollover .rollover i,\n.shortcode-single-image-wrap.shortcode-single-image-4deca65b58e41f49116f3a30b7455252.enable-bg-rollover .rollover-video i {\n  background: -webkit-linear-gradient();\n  background: linear-gradient();\n}\n.shortcode-single-image-wrap.shortcode-single-image-4deca65b58e41f49116f3a30b7455252 .rollover-icon {\n  font-size: 32px;\n  color: #ffffff;\n  min-width: 44px;\n  min-height: 44px;\n  line-height: 44px;\n  border-radius: 100px;\n  border-style: solid;\n  border-width: 0px;\n}\n.dt-icon-bg-on.shortcode-single-image-wrap.shortcode-single-image-4deca65b58e41f49116f3a30b7455252 .rollover-icon {\n  background: rgba(255,255,255,0.3);\n  box-shadow: none;\n}<\/style><div class=\"shortcode-single-image-wrap shortcode-single-image-4deca65b58e41f49116f3a30b7455252 alignnone fadeInLeft animate-element  enable-bg-rollover dt-icon-bg-off\" style=\"margin-top:0px; margin-bottom:0px; margin-left:0px; margin-right:0px; width:700px;\"><div class=\"shortcode-single-image\"><div class=\"fancy-media-wrap  layzr-bg\" style=\"\"><img fetchpriority=\"high\" decoding=\"async\" class=\"preload-me lazy-load aspect\" src=\"data:image\/svg+xml,%3Csvg%20xmlns%3D&#39;http%3A%2F%2Fwww.w3.org%2F2000%2Fsvg&#39;%20viewBox%3D&#39;0%200%20700%20500&#39;%2F%3E\" data-src=\"https:\/\/indie-educator.com\/wp-content\/uploads\/2025\/10\/Autisme-700x500.jpg\" data-srcset=\"https:\/\/indie-educator.com\/wp-content\/uploads\/2025\/10\/Autisme-700x500.jpg 700w, https:\/\/indie-educator.com\/wp-content\/uploads\/2025\/10\/Autisme-1400x1000.jpg 1400w\" loading=\"eager\" sizes=\"(max-width: 700px) 100vw, 700px\" width=\"700\" height=\"500\"  data-dt-location=\"https:\/\/indie-educator.com\/index.php\/parents-denfants-a-besoins-particuliers\/autisme\/\" style=\"--ratio: 700 \/ 500;\" alt=\"\u00c9ducatrice de jeunes enfants (EJE) lib\u00e9rale \u00e0 Thionville et secteur Moselle 57 \u2013 accompagnement parental, petite enfance, ateliers Montessori, Pikler, Reggio, Snoezelen\" \/><\/div><\/div><\/div>[\/vc_column][vc_column width=\u00a0\u00bb1\/2&Prime; css=\u00a0\u00bb.vc_custom_1756881620880{padding-bottom: 30px !important;}\u00a0\u00bb][vc_column_text css=\u00a0\u00bb.vc_custom_1760684808322{padding-bottom: 0px !important;}\u00a0\u00bb]Nous accompagnons les enfants porteurs d\u2019un <strong>trouble du neurod\u00e9veloppement<\/strong> ainsi que leurs familles avec <strong>bienveillance<\/strong> et <strong>expertise<span class=\"Apple-converted-space\">\u00a0<\/span><\/strong><\/p>\n<p>De nombreux parents font aujourd\u2019hui face \u00e0 une <b>liste d\u2019attente importante<\/b> pour acc\u00e9der \u00e0 une place en structure sp\u00e9cialis\u00e9e. Parfois aussi, les <b>soins propos\u00e9s en institut ne suffisent pas<\/b> \u00e0 r\u00e9pondre \u00e0 tous les besoins de l\u2019enfant ou de la famille. C\u2019est pourquoi nous proposons un <b>accompagnement compl\u00e9mentaire \u00e0 domicile<\/b>, individualis\u00e9 et concret, afin de <b>soutenir le quotidien et favoriser l\u2019\u00e9panouissement de l\u2019enfant<\/b>.<\/p>\n<p>[\/vc_column_text][\/vc_column][\/vc_row][vc_row equal_height=\u00a0\u00bbyes\u00a0\u00bb content_placement=\u00a0\u00bbmiddle\u00a0\u00bb type=\u00a0\u00bbvc_default\u00a0\u00bb css=\u00a0\u00bb.vc_custom_1579698911051{padding-bottom: 30px !important;}\u00a0\u00bb el_class=\u00a0\u00bbphone-reverse-col\u00a0\u00bb][vc_column width=\u00a0\u00bb1\/2&Prime; css=\u00a0\u00bb.vc_custom_1490465829211{padding-bottom: 50px !important;}\u00a0\u00bb]<div class=\"standard-arrow bullet-top\"><p>Cet accompagnement permet \u00e9galement aux parents de <b>souffler, se d\u00e9charger<\/b> et trouver un espace d\u2019\u00e9coute, sans jugement \u2014 car <b>aucun parent ne devrait se sentir seul ou d\u00e9muni face aux difficult\u00e9s du quotidien<\/b>.<\/p>\n<p>Notre approche est <b>globale<\/b> :<\/p>\n<p>\u2022\u00a0\u00a0\u00a0\u00a0<b>Am\u00e9nagement de l\u2019espace de vie<\/b> pour le rendre plus structurant et apaisant,<\/p>\n<p>\u2022\u00a0\u00a0\u00a0\u00a0<b>Soutien \u00e9ducatif et parental<\/b> \u00e0 travers des outils concrets et des strat\u00e9gies adapt\u00e9es,<\/p>\n<p>\u2022\u00a0\u00a0\u00a0\u00a0<b>Participation aux rendez-vous scolaires ou administratifs<\/b>,<\/p>\n<p>\u2022\u00a0\u00a0\u00a0\u00a0<b>Accompagnement personnalis\u00e9<\/b> pour travailler des objectifs sp\u00e9cifiques (communication, autonomie, interactions sociales, r\u00e9gulation \u00e9motionnelle, repas, rep\u00e8res etc.).<\/p>\n<\/div>[\/vc_column][vc_column width=\u00a0\u00bb1\/2&Prime; css=\u00a0\u00bb.vc_custom_1579524369442{padding-bottom: 50px !important;}\u00a0\u00bb offset=\u00a0\u00bbvc_col-lg-offset-0 vc_col-md-offset-0 vc_col-sm-offset-0 vc_col-xs-offset-2 vc_col-xs-8&Prime;]<style type=\"text\/css\" data-type=\"the7_shortcodes-inline-css\">.shortcode-single-image-wrap.shortcode-single-image-c52afdcbc489c08af5a80d800fe4ca29.enable-bg-rollover .rollover i,\n.shortcode-single-image-wrap.shortcode-single-image-c52afdcbc489c08af5a80d800fe4ca29.enable-bg-rollover .rollover-video i {\n  background: -webkit-linear-gradient();\n  background: linear-gradient();\n}\n.shortcode-single-image-wrap.shortcode-single-image-c52afdcbc489c08af5a80d800fe4ca29 .rollover-icon {\n  font-size: 32px;\n  color: #ffffff;\n  min-width: 44px;\n  min-height: 44px;\n  line-height: 44px;\n  border-radius: 100px;\n  border-style: solid;\n  border-width: 0px;\n}\n.dt-icon-bg-on.shortcode-single-image-wrap.shortcode-single-image-c52afdcbc489c08af5a80d800fe4ca29 .rollover-icon {\n  background: rgba(255,255,255,0.3);\n  box-shadow: none;\n}<\/style><div class=\"shortcode-single-image-wrap shortcode-single-image-c52afdcbc489c08af5a80d800fe4ca29 alignnone fadeInRight animate-element  enable-bg-rollover dt-icon-bg-off\" style=\"margin-top:0px; margin-bottom:0px; margin-left:0px; margin-right:0px; width:700px;\"><div class=\"shortcode-single-image\"><div class=\"fancy-media-wrap  layzr-bg\" style=\"\"><img decoding=\"async\" class=\"preload-me lazy-load aspect\" src=\"data:image\/svg+xml,%3Csvg%20xmlns%3D&#39;http%3A%2F%2Fwww.w3.org%2F2000%2Fsvg&#39;%20viewBox%3D&#39;0%200%20700%20700&#39;%2F%3E\" data-src=\"https:\/\/indie-educator.com\/wp-content\/uploads\/2025\/10\/AUTISME-2-700x700.jpg\" data-srcset=\"https:\/\/indie-educator.com\/wp-content\/uploads\/2025\/10\/AUTISME-2-700x700.jpg 700w, https:\/\/indie-educator.com\/wp-content\/uploads\/2025\/10\/AUTISME-2-1280x1280.jpg 1280w\" loading=\"eager\" sizes=\"(max-width: 700px) 100vw, 700px\" width=\"700\" height=\"700\"  data-dt-location=\"https:\/\/indie-educator.com\/index.php\/parents-denfants-a-besoins-particuliers\/autisme-2\/\" style=\"--ratio: 700 \/ 700;\" alt=\"Parents d\u2019enfants \u00e0 besoins particuliers\" \/><\/div><\/div><\/div>[\/vc_column][\/vc_row][vc_row full_width=\u00a0\u00bbstretch_row\u00a0\u00bb equal_height=\u00a0\u00bbyes\u00a0\u00bb content_placement=\u00a0\u00bbmiddle\u00a0\u00bb css=\u00a0\u00bb.vc_custom_1756888863212{padding-top: 40px !important;padding-bottom: 40px !important;background-color: #ffffff !important;}\u00a0\u00bb][vc_column css=\u00a0\u00bb.vc_custom_1579704773501{padding-bottom: 20px !important;}\u00a0\u00bb offset=\u00a0\u00bbvc_col-lg-offset-0 vc_col-lg-4 vc_col-md-offset-0 vc_col-md-4&Prime;]<div id=\"ultimate-heading-104369e15530391b1\" class=\"uvc-heading ult-adjust-bottom-margin ultimate-heading-104369e15530391b1 uvc-7389 \" data-hspacer=\"no_spacer\"  data-halign=\"center\" style=\"text-align:center\"><div class=\"uvc-heading-spacer no_spacer\" style=\"top\"><\/div><div class=\"uvc-main-heading ult-responsive\"  data-ultimate-target='.uvc-heading.ultimate-heading-104369e15530391b1 h2'  data-responsive-json-new='{\"font-size\":\"desktop:30px;\",\"line-height\":\"desktop:40px;\"}' ><h2 style=\"--font-weight:theme;\">Me contacter<\/h2><\/div><\/div>[\/vc_column][vc_column css=\u00a0\u00bb.vc_custom_1579704852240{padding-bottom: 20px !important;}\u00a0\u00bb offset=\u00a0\u00bbvc_col-lg-4 vc_col-md-4 vc_col-xs-12&Prime;]<div id=\"ultimate-heading-444669e15530391ef\" class=\"uvc-heading ult-adjust-bottom-margin ultimate-heading-444669e15530391ef uvc-1700 accent-subtitle-color\" data-hspacer=\"no_spacer\"  data-halign=\"center\" style=\"text-align:center\"><div class=\"uvc-heading-spacer no_spacer\" style=\"top\"><\/div><div class=\"uvc-main-heading ult-responsive\"  data-ultimate-target='.uvc-heading.ultimate-heading-444669e15530391ef h2'  data-responsive-json-new='{\"font-size\":\"desktop:30px;\",\"line-height\":\"desktop:40px;\"}' ><h2 style=\"--font-weight:theme;margin-bottom:5px;\">+33 7 66 86 61 51<\/h2><\/div><div class=\"uvc-sub-heading ult-responsive\"  data-ultimate-target='.uvc-heading.ultimate-heading-444669e15530391ef .uvc-sub-heading '  data-responsive-json-new='{\"font-size\":\"desktop:18px;\",\"line-height\":\"desktop:28px;\"}'  style=\"font-weight:normal;\">contact@indie-educator.com<\/div><\/div>[\/vc_column][vc_column css=\u00a0\u00bb.vc_custom_1579704787460{padding-bottom: 20px !important;}\u00a0\u00bb offset=\u00a0\u00bbvc_col-lg-4 vc_col-md-4 vc_col-xs-12&Prime;]<style type=\"text\/css\" data-type=\"the7_shortcodes-inline-css\">#default-btn-968d78458935024e2e4dd3cfed12e0a8.ico-right-side > i {\n  margin-right: 0px;\n  margin-left: 10px;\n}\n#default-btn-968d78458935024e2e4dd3cfed12e0a8 > i {\n  margin-right: 10px;\n}<\/style><div class=\"btn-align-center\"><a href=\"#\" class=\"default-btn-shortcode dt-btn dt-btn-l bounce animate-element animation-builder link-hover-off ico-right-side  vc_custom_1757010367322\" id=\"default-btn-968d78458935024e2e4dd3cfed12e0a8\" style=\"width:280px;\"><span>Formulaire de contact<\/span><i class=\"icomoon-the7-font-the7-mail-05\"><\/i><\/a><\/div>[\/vc_column][\/vc_row]<\/p>\n<\/div>","protected":false},"excerpt":{"rendered":"<p>[vc_row equal_height=\u00a0\u00bbyes\u00a0\u00bb content_placement=\u00a0\u00bbmiddle\u00a0\u00bb type=\u00a0\u00bbvc_default\u00a0\u00bb margin_top=\u00a0\u00bb10&Prime; margin_bottom=\u00a0\u00bb25&Prime; css=\u00a0\u00bb.vc_custom_1579698905536{padding-top: 80px !important;padding-bottom: 30px !important;}\u00a0\u00bb][vc_column width=\u00a0\u00bb1\/2&Prime; css=\u00a0\u00bb.vc_custom_1518634327050{padding-bottom: 50px !important;}\u00a0\u00bb offset=\u00a0\u00bbvc_col-lg-offset-0 vc_col-md-offset-0 vc_col-sm-offset-0 vc_col-xs-offset-2 vc_col-xs-8&Prime;][\/vc_column][vc_column width=\u00a0\u00bb1\/2&Prime; css=\u00a0\u00bb.vc_custom_1756881620880{padding-bottom: 30px !important;}\u00a0\u00bb][vc_column_text css=\u00a0\u00bb.vc_custom_1760684808322{padding-bottom: 0px !important;}\u00a0\u00bb]Nous accompagnons les enfants porteurs d\u2019un trouble du neurod\u00e9veloppement ainsi que leurs familles avec bienveillance et expertise\u00a0 De nombreux parents font aujourd\u2019hui face \u00e0 une liste d\u2019attente importante pour&hellip;<\/p>\n","protected":false},"author":1,"featured_media":0,"parent":0,"menu_order":500,"comment_status":"closed","ping_status":"closed","template":"","meta":{"footnotes":""},"class_list":["post-2286","page","type-page","status-publish","hentry","description-off"],"yoast_head":"<!-- This site is optimized with the Yoast SEO plugin v27.4 - https:\/\/yoast.com\/product\/yoast-seo-wordpress\/ -->\n<title>Parents d\u2019enfants \u00e0 besoins particuliers - Indie Educator<\/title>\n<meta name=\"robots\" content=\"index, follow, max-snippet:-1, max-image-preview:large, max-video-preview:-1\" \/>\n<link rel=\"canonical\" href=\"https:\/\/indie-educator.com\/index.php\/parents-denfants-a-besoins-particuliers\/\" \/>\n<meta property=\"og:locale\" content=\"fr_FR\" \/>\n<meta property=\"og:type\" content=\"article\" \/>\n<meta property=\"og:title\" content=\"Parents d\u2019enfants \u00e0 besoins particuliers - Indie Educator\" \/>\n<meta property=\"og:description\" content=\"[vc_row equal_height=\u00a0\u00bbyes\u00a0\u00bb content_placement=\u00a0\u00bbmiddle\u00a0\u00bb type=\u00a0\u00bbvc_default\u00a0\u00bb margin_top=\u00a0\u00bb10&Prime; margin_bottom=\u00a0\u00bb25&Prime; css=\u00a0\u00bb.vc_custom_1579698905536{padding-top: 80px !important;padding-bottom: 30px !important;}\u00a0\u00bb][vc_column width=\u00a0\u00bb1\/2&Prime; css=\u00a0\u00bb.vc_custom_1518634327050{padding-bottom: 50px !important;}\u00a0\u00bb offset=\u00a0\u00bbvc_col-lg-offset-0 vc_col-md-offset-0 vc_col-sm-offset-0 vc_col-xs-offset-2 vc_col-xs-8&Prime;][\/vc_column][vc_column width=\u00a0\u00bb1\/2&Prime; css=\u00a0\u00bb.vc_custom_1756881620880{padding-bottom: 30px !important;}\u00a0\u00bb][vc_column_text css=\u00a0\u00bb.vc_custom_1760684808322{padding-bottom: 0px !important;}\u00a0\u00bb]Nous accompagnons les enfants porteurs d\u2019un trouble du neurod\u00e9veloppement ainsi que leurs familles avec bienveillance et expertise\u00a0 De nombreux parents font aujourd\u2019hui face \u00e0 une liste d\u2019attente importante pour&hellip;\" \/>\n<meta property=\"og:url\" content=\"https:\/\/indie-educator.com\/index.php\/parents-denfants-a-besoins-particuliers\/\" \/>\n<meta property=\"og:site_name\" content=\"Indie Educator\" \/>\n<meta property=\"article:modified_time\" content=\"2025-10-17T07:06:50+00:00\" \/>\n<meta name=\"twitter:card\" content=\"summary_large_image\" \/>\n<meta name=\"twitter:label1\" content=\"Dur\u00e9e de lecture estim\u00e9e\" \/>\n\t<meta name=\"twitter:data1\" content=\"2 minutes\" \/>\n<script type=\"application\/ld+json\" class=\"yoast-schema-graph\">{\"@context\":\"https:\\\/\\\/schema.org\",\"@graph\":[{\"@type\":\"WebPage\",\"@id\":\"https:\\\/\\\/indie-educator.com\\\/index.php\\\/parents-denfants-a-besoins-particuliers\\\/\",\"url\":\"https:\\\/\\\/indie-educator.com\\\/index.php\\\/parents-denfants-a-besoins-particuliers\\\/\",\"name\":\"Parents d\u2019enfants \u00e0 besoins particuliers - Indie Educator\",\"isPartOf\":{\"@id\":\"https:\\\/\\\/indie-educator.com\\\/#website\"},\"datePublished\":\"2025-10-17T07:03:54+00:00\",\"dateModified\":\"2025-10-17T07:06:50+00:00\",\"breadcrumb\":{\"@id\":\"https:\\\/\\\/indie-educator.com\\\/index.php\\\/parents-denfants-a-besoins-particuliers\\\/#breadcrumb\"},\"inLanguage\":\"fr-FR\",\"potentialAction\":[{\"@type\":\"ReadAction\",\"target\":[\"https:\\\/\\\/indie-educator.com\\\/index.php\\\/parents-denfants-a-besoins-particuliers\\\/\"]}]},{\"@type\":\"BreadcrumbList\",\"@id\":\"https:\\\/\\\/indie-educator.com\\\/index.php\\\/parents-denfants-a-besoins-particuliers\\\/#breadcrumb\",\"itemListElement\":[{\"@type\":\"ListItem\",\"position\":1,\"name\":\"Accueil\",\"item\":\"https:\\\/\\\/indie-educator.com\\\/\"},{\"@type\":\"ListItem\",\"position\":2,\"name\":\"Parents d\u2019enfants \u00e0 besoins particuliers\"}]},{\"@type\":\"WebSite\",\"@id\":\"https:\\\/\\\/indie-educator.com\\\/#website\",\"url\":\"https:\\\/\\\/indie-educator.com\\\/\",\"name\":\"Indie Educator\",\"description\":\"\",\"publisher\":{\"@id\":\"https:\\\/\\\/indie-educator.com\\\/#organization\"},\"potentialAction\":[{\"@type\":\"SearchAction\",\"target\":{\"@type\":\"EntryPoint\",\"urlTemplate\":\"https:\\\/\\\/indie-educator.com\\\/?s={search_term_string}\"},\"query-input\":{\"@type\":\"PropertyValueSpecification\",\"valueRequired\":true,\"valueName\":\"search_term_string\"}}],\"inLanguage\":\"fr-FR\"},{\"@type\":\"Organization\",\"@id\":\"https:\\\/\\\/indie-educator.com\\\/#organization\",\"name\":\"Maissa Djebli\",\"url\":\"https:\\\/\\\/indie-educator.com\\\/\",\"logo\":{\"@type\":\"ImageObject\",\"inLanguage\":\"fr-FR\",\"@id\":\"https:\\\/\\\/indie-educator.com\\\/#\\\/schema\\\/logo\\\/image\\\/\",\"url\":\"https:\\\/\\\/indie-educator.com\\\/wp-content\\\/uploads\\\/2025\\\/09\\\/LOGO_250.png\",\"contentUrl\":\"https:\\\/\\\/indie-educator.com\\\/wp-content\\\/uploads\\\/2025\\\/09\\\/LOGO_250.png\",\"width\":250,\"height\":104,\"caption\":\"Maissa Djebli\"},\"image\":{\"@id\":\"https:\\\/\\\/indie-educator.com\\\/#\\\/schema\\\/logo\\\/image\\\/\"}}]}<\/script>\n<!-- \/ Yoast SEO plugin. -->","yoast_head_json":{"title":"Parents d\u2019enfants \u00e0 besoins particuliers - Indie Educator","robots":{"index":"index","follow":"follow","max-snippet":"max-snippet:-1","max-image-preview":"max-image-preview:large","max-video-preview":"max-video-preview:-1"},"canonical":"https:\/\/indie-educator.com\/index.php\/parents-denfants-a-besoins-particuliers\/","og_locale":"fr_FR","og_type":"article","og_title":"Parents d\u2019enfants \u00e0 besoins particuliers - Indie Educator","og_description":"[vc_row equal_height=\u00a0\u00bbyes\u00a0\u00bb content_placement=\u00a0\u00bbmiddle\u00a0\u00bb type=\u00a0\u00bbvc_default\u00a0\u00bb margin_top=\u00a0\u00bb10&Prime; margin_bottom=\u00a0\u00bb25&Prime; css=\u00a0\u00bb.vc_custom_1579698905536{padding-top: 80px !important;padding-bottom: 30px !important;}\u00a0\u00bb][vc_column width=\u00a0\u00bb1\/2&Prime; css=\u00a0\u00bb.vc_custom_1518634327050{padding-bottom: 50px !important;}\u00a0\u00bb offset=\u00a0\u00bbvc_col-lg-offset-0 vc_col-md-offset-0 vc_col-sm-offset-0 vc_col-xs-offset-2 vc_col-xs-8&Prime;][\/vc_column][vc_column width=\u00a0\u00bb1\/2&Prime; css=\u00a0\u00bb.vc_custom_1756881620880{padding-bottom: 30px !important;}\u00a0\u00bb][vc_column_text css=\u00a0\u00bb.vc_custom_1760684808322{padding-bottom: 0px !important;}\u00a0\u00bb]Nous accompagnons les enfants porteurs d\u2019un trouble du neurod\u00e9veloppement ainsi que leurs familles avec bienveillance et expertise\u00a0 De nombreux parents font aujourd\u2019hui face \u00e0 une liste d\u2019attente importante pour&hellip;","og_url":"https:\/\/indie-educator.com\/index.php\/parents-denfants-a-besoins-particuliers\/","og_site_name":"Indie Educator","article_modified_time":"2025-10-17T07:06:50+00:00","twitter_card":"summary_large_image","twitter_misc":{"Dur\u00e9e de lecture estim\u00e9e":"2 minutes"},"schema":{"@context":"https:\/\/schema.org","@graph":[{"@type":"WebPage","@id":"https:\/\/indie-educator.com\/index.php\/parents-denfants-a-besoins-particuliers\/","url":"https:\/\/indie-educator.com\/index.php\/parents-denfants-a-besoins-particuliers\/","name":"Parents d\u2019enfants \u00e0 besoins particuliers - Indie Educator","isPartOf":{"@id":"https:\/\/indie-educator.com\/#website"},"datePublished":"2025-10-17T07:03:54+00:00","dateModified":"2025-10-17T07:06:50+00:00","breadcrumb":{"@id":"https:\/\/indie-educator.com\/index.php\/parents-denfants-a-besoins-particuliers\/#breadcrumb"},"inLanguage":"fr-FR","potentialAction":[{"@type":"ReadAction","target":["https:\/\/indie-educator.com\/index.php\/parents-denfants-a-besoins-particuliers\/"]}]},{"@type":"BreadcrumbList","@id":"https:\/\/indie-educator.com\/index.php\/parents-denfants-a-besoins-particuliers\/#breadcrumb","itemListElement":[{"@type":"ListItem","position":1,"name":"Accueil","item":"https:\/\/indie-educator.com\/"},{"@type":"ListItem","position":2,"name":"Parents d\u2019enfants \u00e0 besoins particuliers"}]},{"@type":"WebSite","@id":"https:\/\/indie-educator.com\/#website","url":"https:\/\/indie-educator.com\/","name":"Indie Educator","description":"","publisher":{"@id":"https:\/\/indie-educator.com\/#organization"},"potentialAction":[{"@type":"SearchAction","target":{"@type":"EntryPoint","urlTemplate":"https:\/\/indie-educator.com\/?s={search_term_string}"},"query-input":{"@type":"PropertyValueSpecification","valueRequired":true,"valueName":"search_term_string"}}],"inLanguage":"fr-FR"},{"@type":"Organization","@id":"https:\/\/indie-educator.com\/#organization","name":"Maissa Djebli","url":"https:\/\/indie-educator.com\/","logo":{"@type":"ImageObject","inLanguage":"fr-FR","@id":"https:\/\/indie-educator.com\/#\/schema\/logo\/image\/","url":"https:\/\/indie-educator.com\/wp-content\/uploads\/2025\/09\/LOGO_250.png","contentUrl":"https:\/\/indie-educator.com\/wp-content\/uploads\/2025\/09\/LOGO_250.png","width":250,"height":104,"caption":"Maissa Djebli"},"image":{"@id":"https:\/\/indie-educator.com\/#\/schema\/logo\/image\/"}}]}},"_links":{"self":[{"href":"https:\/\/indie-educator.com\/index.php\/wp-json\/wp\/v2\/pages\/2286","targetHints":{"allow":["GET"]}}],"collection":[{"href":"https:\/\/indie-educator.com\/index.php\/wp-json\/wp\/v2\/pages"}],"about":[{"href":"https:\/\/indie-educator.com\/index.php\/wp-json\/wp\/v2\/types\/page"}],"author":[{"embeddable":true,"href":"https:\/\/indie-educator.com\/index.php\/wp-json\/wp\/v2\/users\/1"}],"replies":[{"embeddable":true,"href":"https:\/\/indie-educator.com\/index.php\/wp-json\/wp\/v2\/comments?post=2286"}],"version-history":[{"count":4,"href":"https:\/\/indie-educator.com\/index.php\/wp-json\/wp\/v2\/pages\/2286\/revisions"}],"predecessor-version":[{"id":2295,"href":"https:\/\/indie-educator.com\/index.php\/wp-json\/wp\/v2\/pages\/2286\/revisions\/2295"}],"wp:attachment":[{"href":"https:\/\/indie-educator.com\/index.php\/wp-json\/wp\/v2\/media?parent=2286"}],"curies":[{"name":"wp","href":"https:\/\/api.w.org\/{rel}","templated":true}]}}